{"id":345,"date":"2022-02-25T09:29:53","date_gmt":"2022-02-25T09:29:53","guid":{"rendered":"https:\/\/mejoresapuestas.com\/ar\/?page_id=345"},"modified":"2023-01-20T16:42:11","modified_gmt":"2023-01-20T16:42:11","slug":"terminos-y-condiciones-aviso-legal","status":"publish","type":"page","link":"https:\/\/mejoresapuestas.com\/ar\/terminos-y-condiciones-aviso-legal\/","title":{"rendered":"Terminos y Condiciones \/ Aviso Legal"},"content":{"rendered":"<h3>AVISO LEGAL<\/h3>\n<p>MejoresApuestas.com ha sido creado con meros prop\u00f3sitos de entretenimiento solamente. LasApuestas.com ofrece solamente informaci\u00f3n informaci\u00f3n y sitios de apuestas con la intenci\u00f3n de asesorar al posible apostador con las diferentes opciones existentes.<\/p>\n<p>Los juegos de azar online son ilegales en algunas jurisdicciones los usuarios deber\u00edan asesorarse con un especialista legal sobre el r\u00e9gimen jur\u00eddico\u00a0 de los juegos de azar en l\u00ednea en su pa\u00eds o comunidad.<\/p>\n<p>LasApuestas.com ofrece enlaces a otros sitios con informaci\u00f3n que puede de inter\u00e9s de los visitantes del sitio. NO estamos afiliados con ninguno de estos sitios webs, ni somos el proveedor de los servicios de juegos en l\u00ednea, ya sea de casino, p\u00f3quer, apuestas deportivas , juegos de habilidad o de cualquier otro juegos de azar.<\/p>\n<p>Los juegos de azar siempre tienen un elemento de riesgo y aconsejamos a\u00a0 nuestros visitantes de no participar en las actividades de juegos si son propensos psicol\u00f3gicamente\u00a0 a caer en una adici\u00f3n al juego ( Ludopat\u00eda ).<\/p>\n<p>Si usted o alguien que usted conoce muestra s\u00edntomas de adicci\u00f3n por favor visite la web www.ludopatia.org para ayuda.<\/p>\n","protected":false},"excerpt":{"rendered":"<p>AVISO LEGAL MejoresApuestas.com ha sido creado con meros prop\u00f3sitos de entretenimiento solamente. LasApuestas.com ofrece solamente informaci\u00f3n informaci\u00f3n y sitios de apuestas con la intenci\u00f3n de asesorar al posible apostador con las diferentes opciones existentes. Los juegos de azar online son ilegales en algunas jurisdicciones los usuarios deber\u00edan asesorarse con un especialista legal sobre el r\u00e9gimen &hellip; <\/p>\n","protected":false},"author":3,"featured_media":0,"parent":0,"menu_order":0,"comment_status":"closed","ping_status":"closed","template":"","meta":{"inline_featured_image":false},"acf":[],"yoast_head":"<!-- This site is optimized with the Yoast SEO plugin v19.12 - https:\/\/yoast.com\/wordpress\/plugins\/seo\/ -->\n<title>Terminos y Condiciones \/ Aviso Legal - AR<\/title>\n<meta name=\"description\" content=\"AVISO LEGAL MejoresApuestas.com ha sido creado con meros prop\u00f3sitos de entretenimiento solamente. LasApuestas.com ofrece solamente informaci\u00f3n informaci\u00f3n y sitios de apuestas con la intenci\u00f3n de asesorar al posible apostador con las diferentes opciones existentes. Los juegos de azar online son ilegales en algunas jurisdicciones los usuarios deber\u00edan asesorarse con un especialista legal sobre el r\u00e9gimen &hellip;\" \/>\n<meta name=\"robots\" content=\"index, follow, max-snippet:-1, max-image-preview:large, max-video-preview:-1\" \/>\n<link rel=\"canonical\" href=\"https:\/\/mejoresapuestas.com\/ar\/terminos-y-condiciones-aviso-legal\/\" \/>\n<meta property=\"og:locale\" content=\"en_GB\" \/>\n<meta property=\"og:type\" content=\"article\" \/>\n<meta property=\"og:title\" content=\"Terminos y Condiciones \/ Aviso Legal - AR\" \/>\n<meta property=\"og:description\" content=\"AVISO LEGAL MejoresApuestas.com ha sido creado con meros prop\u00f3sitos de entretenimiento solamente. LasApuestas.com ofrece solamente informaci\u00f3n informaci\u00f3n y sitios de apuestas con la intenci\u00f3n de asesorar al posible apostador con las diferentes opciones existentes. Los juegos de azar online son ilegales en algunas jurisdicciones los usuarios deber\u00edan asesorarse con un especialista legal sobre el r\u00e9gimen &hellip;\" \/>\n<meta property=\"og:url\" content=\"https:\/\/mejoresapuestas.com\/ar\/terminos-y-condiciones-aviso-legal\/\" \/>\n<meta property=\"og:site_name\" content=\"AR\" \/>\n<meta property=\"article:modified_time\" content=\"2023-01-20T16:42:11+00:00\" \/>\n<meta name=\"twitter:card\" content=\"summary_large_image\" \/>\n<meta name=\"twitter:label1\" content=\"Estimated reading time\" \/>\n\t<meta name=\"twitter:data1\" content=\"1 minute\" \/>\n<script type=\"application\/ld+json\" class=\"yoast-schema-graph\">{\"@context\":\"https:\/\/schema.org\",\"@graph\":[{\"@type\":\"WebPage\",\"@id\":\"https:\/\/mejoresapuestas.com\/ar\/terminos-y-condiciones-aviso-legal\/\",\"url\":\"https:\/\/mejoresapuestas.com\/ar\/terminos-y-condiciones-aviso-legal\/\",\"name\":\"Terminos y Condiciones \/ Aviso Legal - AR\",\"isPartOf\":{\"@id\":\"https:\/\/mejoresapuestas.com\/ar\/#website\"},\"datePublished\":\"2022-02-25T09:29:53+00:00\",\"dateModified\":\"2023-01-20T16:42:11+00:00\",\"breadcrumb\":{\"@id\":\"https:\/\/mejoresapuestas.com\/ar\/terminos-y-condiciones-aviso-legal\/#breadcrumb\"},\"inLanguage\":\"en-GB\",\"potentialAction\":[{\"@type\":\"ReadAction\",\"target\":[\"https:\/\/mejoresapuestas.com\/ar\/terminos-y-condiciones-aviso-legal\/\"]}]},{\"@type\":\"BreadcrumbList\",\"@id\":\"https:\/\/mejoresapuestas.com\/ar\/terminos-y-condiciones-aviso-legal\/#breadcrumb\",\"itemListElement\":[{\"@type\":\"ListItem\",\"position\":1,\"name\":\"Portada\",\"item\":\"https:\/\/mejoresapuestas.com\/ar\/\"},{\"@type\":\"ListItem\",\"position\":2,\"name\":\"Terminos y Condiciones \/ Aviso Legal\"}]},{\"@type\":\"WebSite\",\"@id\":\"https:\/\/mejoresapuestas.com\/ar\/#website\",\"url\":\"https:\/\/mejoresapuestas.com\/ar\/\",\"name\":\"AR\",\"description\":\"Just another LasApuestas.com Sites site\",\"publisher\":{\"@id\":\"https:\/\/mejoresapuestas.com\/ar\/#organization\"},\"potentialAction\":[{\"@type\":\"SearchAction\",\"target\":{\"@type\":\"EntryPoint\",\"urlTemplate\":\"https:\/\/mejoresapuestas.com\/ar\/?s={search_term_string}\"},\"query-input\":\"required name=search_term_string\"}],\"inLanguage\":\"en-GB\"},{\"@type\":\"Organization\",\"@id\":\"https:\/\/mejoresapuestas.com\/ar\/#organization\",\"name\":\"AR\",\"url\":\"https:\/\/mejoresapuestas.com\/ar\/\",\"logo\":{\"@type\":\"ImageObject\",\"inLanguage\":\"en-GB\",\"@id\":\"https:\/\/mejoresapuestas.com\/ar\/#\/schema\/logo\/image\/\",\"url\":\"https:\/\/mejoresapuestas.com\/ar\/wp-content\/uploads\/sites\/7\/2022\/05\/mejoresApuestas-reverse-5.svg\",\"contentUrl\":\"https:\/\/mejoresapuestas.com\/ar\/wp-content\/uploads\/sites\/7\/2022\/05\/mejoresApuestas-reverse-5.svg\",\"width\":229,\"height\":28,\"caption\":\"AR\"},\"image\":{\"@id\":\"https:\/\/mejoresapuestas.com\/ar\/#\/schema\/logo\/image\/\"}}]}<\/script>\n<!-- \/ Yoast SEO plugin. -->","yoast_head_json":{"title":"Terminos y Condiciones \/ Aviso Legal - AR","description":"AVISO LEGAL MejoresApuestas.com ha sido creado con meros prop\u00f3sitos de entretenimiento solamente. LasApuestas.com ofrece solamente informaci\u00f3n informaci\u00f3n y sitios de apuestas con la intenci\u00f3n de asesorar al posible apostador con las diferentes opciones existentes. Los juegos de azar online son ilegales en algunas jurisdicciones los usuarios deber\u00edan asesorarse con un especialista legal sobre el r\u00e9gimen &hellip;","robots":{"index":"index","follow":"follow","max-snippet":"max-snippet:-1","max-image-preview":"max-image-preview:large","max-video-preview":"max-video-preview:-1"},"canonical":"https:\/\/mejoresapuestas.com\/ar\/terminos-y-condiciones-aviso-legal\/","og_locale":"en_GB","og_type":"article","og_title":"Terminos y Condiciones \/ Aviso Legal - AR","og_description":"AVISO LEGAL MejoresApuestas.com ha sido creado con meros prop\u00f3sitos de entretenimiento solamente. LasApuestas.com ofrece solamente informaci\u00f3n informaci\u00f3n y sitios de apuestas con la intenci\u00f3n de asesorar al posible apostador con las diferentes opciones existentes. Los juegos de azar online son ilegales en algunas jurisdicciones los usuarios deber\u00edan asesorarse con un especialista legal sobre el r\u00e9gimen &hellip;","og_url":"https:\/\/mejoresapuestas.com\/ar\/terminos-y-condiciones-aviso-legal\/","og_site_name":"AR","article_modified_time":"2023-01-20T16:42:11+00:00","twitter_card":"summary_large_image","twitter_misc":{"Estimated reading time":"1 minute"},"schema":{"@context":"https:\/\/schema.org","@graph":[{"@type":"WebPage","@id":"https:\/\/mejoresapuestas.com\/ar\/terminos-y-condiciones-aviso-legal\/","url":"https:\/\/mejoresapuestas.com\/ar\/terminos-y-condiciones-aviso-legal\/","name":"Terminos y Condiciones \/ Aviso Legal - AR","isPartOf":{"@id":"https:\/\/mejoresapuestas.com\/ar\/#website"},"datePublished":"2022-02-25T09:29:53+00:00","dateModified":"2023-01-20T16:42:11+00:00","breadcrumb":{"@id":"https:\/\/mejoresapuestas.com\/ar\/terminos-y-condiciones-aviso-legal\/#breadcrumb"},"inLanguage":"en-GB","potentialAction":[{"@type":"ReadAction","target":["https:\/\/mejoresapuestas.com\/ar\/terminos-y-condiciones-aviso-legal\/"]}]},{"@type":"BreadcrumbList","@id":"https:\/\/mejoresapuestas.com\/ar\/terminos-y-condiciones-aviso-legal\/#breadcrumb","itemListElement":[{"@type":"ListItem","position":1,"name":"Portada","item":"https:\/\/mejoresapuestas.com\/ar\/"},{"@type":"ListItem","position":2,"name":"Terminos y Condiciones \/ Aviso Legal"}]},{"@type":"WebSite","@id":"https:\/\/mejoresapuestas.com\/ar\/#website","url":"https:\/\/mejoresapuestas.com\/ar\/","name":"AR","description":"Just another LasApuestas.com Sites site","publisher":{"@id":"https:\/\/mejoresapuestas.com\/ar\/#organization"},"potentialAction":[{"@type":"SearchAction","target":{"@type":"EntryPoint","urlTemplate":"https:\/\/mejoresapuestas.com\/ar\/?s={search_term_string}"},"query-input":"required name=search_term_string"}],"inLanguage":"en-GB"},{"@type":"Organization","@id":"https:\/\/mejoresapuestas.com\/ar\/#organization","name":"AR","url":"https:\/\/mejoresapuestas.com\/ar\/","logo":{"@type":"ImageObject","inLanguage":"en-GB","@id":"https:\/\/mejoresapuestas.com\/ar\/#\/schema\/logo\/image\/","url":"https:\/\/mejoresapuestas.com\/ar\/wp-content\/uploads\/sites\/7\/2022\/05\/mejoresApuestas-reverse-5.svg","contentUrl":"https:\/\/mejoresapuestas.com\/ar\/wp-content\/uploads\/sites\/7\/2022\/05\/mejoresApuestas-reverse-5.svg","width":229,"height":28,"caption":"AR"},"image":{"@id":"https:\/\/mejoresapuestas.com\/ar\/#\/schema\/logo\/image\/"}}]}},"_links":{"self":[{"href":"https:\/\/mejoresapuestas.com\/ar\/wp-json\/wp\/v2\/pages\/345"}],"collection":[{"href":"https:\/\/mejoresapuestas.com\/ar\/wp-json\/wp\/v2\/pages"}],"about":[{"href":"https:\/\/mejoresapuestas.com\/ar\/wp-json\/wp\/v2\/types\/page"}],"author":[{"embeddable":true,"href":"https:\/\/mejoresapuestas.com\/ar\/wp-json\/wp\/v2\/users\/3"}],"replies":[{"embeddable":true,"href":"https:\/\/mejoresapuestas.com\/ar\/wp-json\/wp\/v2\/comments?post=345"}],"version-history":[{"count":1,"href":"https:\/\/mejoresapuestas.com\/ar\/wp-json\/wp\/v2\/pages\/345\/revisions"}],"predecessor-version":[{"id":1349,"href":"https:\/\/mejoresapuestas.com\/ar\/wp-json\/wp\/v2\/pages\/345\/revisions\/1349"}],"wp:attachment":[{"href":"https:\/\/mejoresapuestas.com\/ar\/wp-json\/wp\/v2\/media?parent=345"}],"curies":[{"name":"wp","href":"https:\/\/api.w.org\/{rel}","templated":true}]}}