{"id":644,"date":"2021-09-10T12:35:31","date_gmt":"2021-09-10T12:35:31","guid":{"rendered":"https:\/\/mejoresapuestas.com\/co\/?page_id=644"},"modified":"2023-01-20T16:28:08","modified_gmt":"2023-01-20T16:28:08","slug":"politica-de-privacidad","status":"publish","type":"page","link":"https:\/\/mejoresapuestas.com\/co\/politica-de-privacidad\/","title":{"rendered":"Pol\u00edtica de Privacidad"},"content":{"rendered":"<p>Pol\u00edtica de Privacidad ( Disponible s\u00f3lo en ingl\u00e9s )<\/p>\n<p>We are committed to safeguarding the privacy of our website visitors; this policy sets out how we will treat your personal information.<\/p>\n<p>(1)\u00a0\u00a0\u00a0 What information do we collect?<\/p>\n<p>We may collect, store and use the following kinds of personal information:<\/p>\n<p>[(a)\u00a0\u00a0\u00a0 information about your computer and about your visits to and use of this website (including your IP address, geographical location, browser type and version, operating system, referral source, length of visit, page views, website navigation)<\/p>\n<p>[(b)\u00a0\u00a0\u00a0 information relating to any transactions carried out between you and us on or in relation to this website, including information relating to any purchases you make of our goods or services;<\/p>\n<p>[(c)\u00a0\u00a0\u00a0 information that you provide to us for the purpose of registering with us (including username and e-mail );<\/p>\n<p>[(d)\u00a0\u00a0\u00a0 information that you provide to us for the purpose of submitting your listing to our directory (including listing title, listing url, listing description, email, ZIP code, country, state, city, address );<\/p>\n<p>[(e)\u00a0\u00a0\u00a0 any other information that you choose to send to us;<br \/>\n(2)\u00a0\u00a0\u00a0 Cookies<\/p>\n<p>A cookie consists of information sent by a web server to a web browser, and stored by the browser. The information is then sent back to the server each time the browser requests a page from the server. This enables the web server to identify and track the web browser.<\/p>\n<p>We\u00a0 may use\u00a0 \u201csession\u201d cookies and \u201cpersistent\u201d cookies on the website.\u00a0 We will use the session cookies to: keep track of you whilst you navigate the website; and other uses.\u00a0 We will use the persistent cookies to: enable our website to recognise you when you visit; and other uses.<\/p>\n<p>Session cookies will be deleted from your computer when you close your browser. Persistent cookies will remain stored on your computer until deleted, or until they reach a specified expiry date.<\/p>\n<p>We use Google Analytics to analyse the use of this website.\u00a0 Google Analytics generates statistical and other information about website use by means of cookies, which are stored on users&#8217; computers.\u00a0 The information generated relating to our website is used to create reports about the use of the website. Google will store this information.\u00a0 Google&#8217;s privacy policy is available at: https:\/\/www.google.com\/privacypolicy.html.<\/p>\n<p>Our advertisers\/payment services providers may also send you cookies.<br \/>\nMost browsers allow you to reject all cookies, whilst some browsers allow you to reject just third party cookies.\u00a0 For example, in Internet Explorer you can refuse all cookies by clicking \u201cTools\u201d, \u201cInternet Options\u201d, \u201cPrivacy\u201d, and selecting \u201cBlock all cookies\u201d using the sliding selector.\u00a0 Blocking all cookies will, however, have a negative impact upon the usability of many websites[, including this one.<\/p>\n<p>(3)\u00a0\u00a0\u00a0 Using your personal information<\/p>\n<p>Personal information submitted to us via this website will be used for the purposes specified in this privacy policy or in relevant parts of the website.<\/p>\n<p>We may use your personal information to:<\/p>\n<p>[(a)\u00a0\u00a0\u00a0 administer the website;<\/p>\n<p>[(b)\u00a0\u00a0\u00a0 improve your browsing experience by personalising the website;<\/p>\n<p>[(c)\u00a0\u00a0\u00a0 enable your use of the services available on the website;<\/p>\n<p>[(d)\u00a0\u00a0\u00a0 supply to you services purchased via the website;<\/p>\n<p>[(e)\u00a0\u00a0\u00a0 send statements and invoices to you, and collect payments from you;<\/p>\n<p>[(f)\u00a0\u00a0\u00a0 send you general commercial communications;<\/p>\n<p>[(g)\u00a0\u00a0\u00a0 send you email notifications which you have specifically requested;<\/p>\n<p>[(h)\u00a0\u00a0\u00a0 send to you our newsletter and other marketing communications relating to our business or the businesses of carefully-selected third parties which we think may be of interest to you by post or, where you have specifically agreed to this, by email or similar technology you can inform us at any time if you no longer require marketing communications<\/p>\n<p>[(i)\u00a0\u00a0\u00a0 provide third parties with statistical information about our users \u2013 but this information will not be used to identify any individual user;]<\/p>\n<p>[(j)\u00a0\u00a0\u00a0 deal with enquiries and complaints made by or about you relating to the website; and]<\/p>\n<p>[(k)\u00a0\u00a0\u00a0 other uses.<\/p>\n<p>Where you submit personal information for publication on our website, we will publish and otherwise use that information in accordance with the license you grant to us.]<\/p>\n<p>We will not without your express consent provide your personal information to any third parties for the purpose of direct marketing.<\/p>\n<p>All our website financial transactions are handled through our payment services provider, PayPal and Moneybookers.\u00a0 You can review the PayPal privacy policy at www.paypal.com\u00a0 and Moneybookers at www.moneybookers.com.We will share information with\u00a0 PayPal and Moneybookers only to the extent necessary for the purposes of processing payments you make via our website and dealing with complaints and queries relating to such payments.]<\/p>\n<p>(4) \u00a0\u00a0\u00a0 Disclosures<\/p>\n<p>We may disclose information about you to any of our employees, officers, agents, suppliers or subcontractors insofar as reasonably necessary for the purposes as set out in this privacy policy.<\/p>\n<p>In addition, we may disclose your personal information:<\/p>\n<p>(a)\u00a0\u00a0\u00a0 to the extent that we are required to do so by law;<\/p>\n<p>(b)\u00a0\u00a0\u00a0 in connection with any legal proceedings or prospective legal proceedings;<\/p>\n<p>(c)\u00a0\u00a0\u00a0 in order to establish, exercise or defend our legal rights (including providing information to others for the purposes of fraud prevention and reducing credit risk);<\/p>\n<p>[d)\u00a0\u00a0\u00a0 to the purchaser (or prospective purchaser) of any business or asset which we are (or are contemplating) selling; and<\/p>\n<p>(e)\u00a0\u00a0\u00a0 to any person who we reasonably believe may apply to a court or other competent authority for disclosure of that personal information where, in our reasonable opinion, such court or authority would be reasonably likely to order disclosure of that personal information.<\/p>\n<p>Except as provided in this privacy policy, we will not provide your information to third parties.<\/p>\n<p>(5)\u00a0\u00a0\u00a0 International data transfers<\/p>\n<p>Information that we collect may be stored and processed in and transferred between any of the countries in which we operate in order to enable us to use the information in accordance with this privacy policy.<\/p>\n<p>Information which you provide may be transferred to countries (including the United States, Japan,and other countries) which do not have data protection laws equivalent to those in force in the European Economic Area.<\/p>\n<p>In addition, personal information that you submit for publication on the website will be published on the internet and may be available, via the internet, around the world.\u00a0 We cannot prevent the use or misuse of such information by others.<\/p>\n<p>You expressly agree to such transfers of personal information.<\/p>\n<p>(6)\u00a0\u00a0\u00a0 Security of your personal information<\/p>\n<p>We will take reasonable technical and organisational precautions to prevent the loss, misuse or alteration of your personal information.<\/p>\n<p>We will store all the personal information you provide on our secure password- and firewall- protected servers. All electronic transactions you make to or receive from us will be encrypted using SSL technology.<\/p>\n<p>Of course, data transmission over the internet is inherently insecure, and we cannot guarantee the security of data sent over the internet.<\/p>\n<p>You are responsible for keeping your password and user details confidential. We will not ask you for your password except when you log in to the website.<\/p>\n<p>(7)\u00a0\u00a0\u00a0 Policy amendments<\/p>\n<p>We may update this privacy policy from time-to-time by posting a new version on our website.\u00a0 You should check this page occasionally to ensure you are happy with any changes.<\/p>\n<p>We may also notify you of changes to our privacy policy by email.<\/p>\n<p>(8)\u00a0\u00a0\u00a0 Your rights<\/p>\n<p>You may instruct us to provide you with any personal information we hold about you.\u00a0 Provision of such information will be subject to:<\/p>\n<p>(a)\u00a0\u00a0\u00a0 the payment of a fee (currently fixed at \u00a310.00); and<\/p>\n<p>(b)\u00a0\u00a0\u00a0 the supply of appropriate evidence of your identity (for this purpose, we will usually accept a photocopy of your passport certified by a solicitor or bank plus an original copy of a utility bill showing your current address).<\/p>\n<p>We may withhold such personal information to the extent permitted by law.<\/p>\n<p>You may instruct us not to process your personal information for marketing purposes by email at any time.\u00a0 In practice, you will usually either expressly agree in advance to our use of your personal information for marketing purposes, or we will provide you with an opportunity to opt-out of the use of your personal information for marketing purposes.<\/p>\n<p>(9)\u00a0\u00a0\u00a0 Third party websites<\/p>\n<p>The website contains links to other websites. We are not responsible for the privacy policies or practices of third party websites.<\/p>\n<p>(10)\u00a0\u00a0\u00a0 Updating information<\/p>\n<p>Please let us know if the personal information which we hold about you needs to be corrected or updated.<\/p>\n<p>(11) \u00a0\u00a0\u00a0 Contact<\/p>\n<p>If you have any questions about this privacy policy or our treatment of your personal information, please write to us by email to\u00a0 privacy@mejoresapuestas.com<\/p>\n<p>(12)\u00a0\u00a0\u00a0 Data controller<\/p>\n<p>The data controller responsible in respect of the information collected on this website is mejoresapuestas.com.<\/p>\n","protected":false},"excerpt":{"rendered":"<p>Pol\u00edtica de Privacidad ( Disponible s\u00f3lo en ingl\u00e9s ) We are committed to safeguarding the privacy of our website visitors; this policy sets out how we will treat your personal information. (1)\u00a0\u00a0\u00a0 What information do we collect? We may collect, store and use the following kinds of personal information: [(a)\u00a0\u00a0\u00a0 information about your computer and &hellip; <\/p>\n","protected":false},"author":1,"featured_media":0,"parent":0,"menu_order":0,"comment_status":"closed","ping_status":"closed","template":"","meta":{"inline_featured_image":false},"acf":[],"yoast_head":"<!-- This site is optimized with the Yoast SEO plugin v19.12 - https:\/\/yoast.com\/wordpress\/plugins\/seo\/ -->\n<title>Pol\u00edtica de Privacidad - CO<\/title>\n<meta name=\"description\" content=\"Pol\u00edtica de Privacidad ( Disponible s\u00f3lo en ingl\u00e9s ) We are committed to safeguarding the privacy of our website visitors; this policy sets out how we will treat your personal information. (1)\u00a0\u00a0\u00a0 What information do we collect? We may collect, store and use the following kinds of personal information: [(a)\u00a0\u00a0\u00a0 information about your computer and &hellip;\" \/>\n<meta name=\"robots\" content=\"index, follow, max-snippet:-1, max-image-preview:large, max-video-preview:-1\" \/>\n<link rel=\"canonical\" href=\"https:\/\/mejoresapuestas.com\/co\/politica-de-privacidad\/\" \/>\n<meta property=\"og:locale\" content=\"es_ES\" \/>\n<meta property=\"og:type\" content=\"article\" \/>\n<meta property=\"og:title\" content=\"Pol\u00edtica de Privacidad - CO\" \/>\n<meta property=\"og:description\" content=\"Pol\u00edtica de Privacidad ( Disponible s\u00f3lo en ingl\u00e9s ) We are committed to safeguarding the privacy of our website visitors; this policy sets out how we will treat your personal information. (1)\u00a0\u00a0\u00a0 What information do we collect? We may collect, store and use the following kinds of personal information: [(a)\u00a0\u00a0\u00a0 information about your computer and &hellip;\" \/>\n<meta property=\"og:url\" content=\"https:\/\/mejoresapuestas.com\/co\/politica-de-privacidad\/\" \/>\n<meta property=\"og:site_name\" content=\"CO\" \/>\n<meta property=\"article:modified_time\" content=\"2023-01-20T16:28:08+00:00\" \/>\n<meta name=\"twitter:card\" content=\"summary_large_image\" \/>\n<meta name=\"twitter:label1\" content=\"Tiempo de lectura\" \/>\n\t<meta name=\"twitter:data1\" content=\"7 minutos\" \/>\n<script type=\"application\/ld+json\" class=\"yoast-schema-graph\">{\"@context\":\"https:\/\/schema.org\",\"@graph\":[{\"@type\":\"WebPage\",\"@id\":\"https:\/\/mejoresapuestas.com\/co\/politica-de-privacidad\/\",\"url\":\"https:\/\/mejoresapuestas.com\/co\/politica-de-privacidad\/\",\"name\":\"Pol\u00edtica de Privacidad - CO\",\"isPartOf\":{\"@id\":\"https:\/\/mejoresapuestas.com\/co\/#website\"},\"datePublished\":\"2021-09-10T12:35:31+00:00\",\"dateModified\":\"2023-01-20T16:28:08+00:00\",\"breadcrumb\":{\"@id\":\"https:\/\/mejoresapuestas.com\/co\/politica-de-privacidad\/#breadcrumb\"},\"inLanguage\":\"es\",\"potentialAction\":[{\"@type\":\"ReadAction\",\"target\":[\"https:\/\/mejoresapuestas.com\/co\/politica-de-privacidad\/\"]}]},{\"@type\":\"BreadcrumbList\",\"@id\":\"https:\/\/mejoresapuestas.com\/co\/politica-de-privacidad\/#breadcrumb\",\"itemListElement\":[{\"@type\":\"ListItem\",\"position\":1,\"name\":\"Home\",\"item\":\"https:\/\/mejoresapuestas.com\/co\/\"},{\"@type\":\"ListItem\",\"position\":2,\"name\":\"Pol\u00edtica de Privacidad\"}]},{\"@type\":\"WebSite\",\"@id\":\"https:\/\/mejoresapuestas.com\/co\/#website\",\"url\":\"https:\/\/mejoresapuestas.com\/co\/\",\"name\":\"CO\",\"description\":\"Just another LasApuestas.com Sites site\",\"publisher\":{\"@id\":\"https:\/\/mejoresapuestas.com\/co\/#organization\"},\"potentialAction\":[{\"@type\":\"SearchAction\",\"target\":{\"@type\":\"EntryPoint\",\"urlTemplate\":\"https:\/\/mejoresapuestas.com\/co\/?s={search_term_string}\"},\"query-input\":\"required name=search_term_string\"}],\"inLanguage\":\"es\"},{\"@type\":\"Organization\",\"@id\":\"https:\/\/mejoresapuestas.com\/co\/#organization\",\"name\":\"CO\",\"url\":\"https:\/\/mejoresapuestas.com\/co\/\",\"logo\":{\"@type\":\"ImageObject\",\"inLanguage\":\"es\",\"@id\":\"https:\/\/mejoresapuestas.com\/co\/#\/schema\/logo\/image\/\",\"url\":\"https:\/\/mejoresapuestas.com\/co\/wp-content\/uploads\/sites\/6\/2022\/05\/mejoresApuestas-reverse-4.svg\",\"contentUrl\":\"https:\/\/mejoresapuestas.com\/co\/wp-content\/uploads\/sites\/6\/2022\/05\/mejoresApuestas-reverse-4.svg\",\"width\":229,\"height\":28,\"caption\":\"CO\"},\"image\":{\"@id\":\"https:\/\/mejoresapuestas.com\/co\/#\/schema\/logo\/image\/\"}}]}<\/script>\n<!-- \/ Yoast SEO plugin. -->","yoast_head_json":{"title":"Pol\u00edtica de Privacidad - CO","description":"Pol\u00edtica de Privacidad ( Disponible s\u00f3lo en ingl\u00e9s ) We are committed to safeguarding the privacy of our website visitors; this policy sets out how we will treat your personal information. (1)\u00a0\u00a0\u00a0 What information do we collect? We may collect, store and use the following kinds of personal information: [(a)\u00a0\u00a0\u00a0 information about your computer and &hellip;","robots":{"index":"index","follow":"follow","max-snippet":"max-snippet:-1","max-image-preview":"max-image-preview:large","max-video-preview":"max-video-preview:-1"},"canonical":"https:\/\/mejoresapuestas.com\/co\/politica-de-privacidad\/","og_locale":"es_ES","og_type":"article","og_title":"Pol\u00edtica de Privacidad - CO","og_description":"Pol\u00edtica de Privacidad ( Disponible s\u00f3lo en ingl\u00e9s ) We are committed to safeguarding the privacy of our website visitors; this policy sets out how we will treat your personal information. (1)\u00a0\u00a0\u00a0 What information do we collect? We may collect, store and use the following kinds of personal information: [(a)\u00a0\u00a0\u00a0 information about your computer and &hellip;","og_url":"https:\/\/mejoresapuestas.com\/co\/politica-de-privacidad\/","og_site_name":"CO","article_modified_time":"2023-01-20T16:28:08+00:00","twitter_card":"summary_large_image","twitter_misc":{"Tiempo de lectura":"7 minutos"},"schema":{"@context":"https:\/\/schema.org","@graph":[{"@type":"WebPage","@id":"https:\/\/mejoresapuestas.com\/co\/politica-de-privacidad\/","url":"https:\/\/mejoresapuestas.com\/co\/politica-de-privacidad\/","name":"Pol\u00edtica de Privacidad - CO","isPartOf":{"@id":"https:\/\/mejoresapuestas.com\/co\/#website"},"datePublished":"2021-09-10T12:35:31+00:00","dateModified":"2023-01-20T16:28:08+00:00","breadcrumb":{"@id":"https:\/\/mejoresapuestas.com\/co\/politica-de-privacidad\/#breadcrumb"},"inLanguage":"es","potentialAction":[{"@type":"ReadAction","target":["https:\/\/mejoresapuestas.com\/co\/politica-de-privacidad\/"]}]},{"@type":"BreadcrumbList","@id":"https:\/\/mejoresapuestas.com\/co\/politica-de-privacidad\/#breadcrumb","itemListElement":[{"@type":"ListItem","position":1,"name":"Home","item":"https:\/\/mejoresapuestas.com\/co\/"},{"@type":"ListItem","position":2,"name":"Pol\u00edtica de Privacidad"}]},{"@type":"WebSite","@id":"https:\/\/mejoresapuestas.com\/co\/#website","url":"https:\/\/mejoresapuestas.com\/co\/","name":"CO","description":"Just another LasApuestas.com Sites site","publisher":{"@id":"https:\/\/mejoresapuestas.com\/co\/#organization"},"potentialAction":[{"@type":"SearchAction","target":{"@type":"EntryPoint","urlTemplate":"https:\/\/mejoresapuestas.com\/co\/?s={search_term_string}"},"query-input":"required name=search_term_string"}],"inLanguage":"es"},{"@type":"Organization","@id":"https:\/\/mejoresapuestas.com\/co\/#organization","name":"CO","url":"https:\/\/mejoresapuestas.com\/co\/","logo":{"@type":"ImageObject","inLanguage":"es","@id":"https:\/\/mejoresapuestas.com\/co\/#\/schema\/logo\/image\/","url":"https:\/\/mejoresapuestas.com\/co\/wp-content\/uploads\/sites\/6\/2022\/05\/mejoresApuestas-reverse-4.svg","contentUrl":"https:\/\/mejoresapuestas.com\/co\/wp-content\/uploads\/sites\/6\/2022\/05\/mejoresApuestas-reverse-4.svg","width":229,"height":28,"caption":"CO"},"image":{"@id":"https:\/\/mejoresapuestas.com\/co\/#\/schema\/logo\/image\/"}}]}},"_links":{"self":[{"href":"https:\/\/mejoresapuestas.com\/co\/wp-json\/wp\/v2\/pages\/644"}],"collection":[{"href":"https:\/\/mejoresapuestas.com\/co\/wp-json\/wp\/v2\/pages"}],"about":[{"href":"https:\/\/mejoresapuestas.com\/co\/wp-json\/wp\/v2\/types\/page"}],"author":[{"embeddable":true,"href":"https:\/\/mejoresapuestas.com\/co\/wp-json\/wp\/v2\/users\/1"}],"replies":[{"embeddable":true,"href":"https:\/\/mejoresapuestas.com\/co\/wp-json\/wp\/v2\/comments?post=644"}],"version-history":[{"count":1,"href":"https:\/\/mejoresapuestas.com\/co\/wp-json\/wp\/v2\/pages\/644\/revisions"}],"predecessor-version":[{"id":2222,"href":"https:\/\/mejoresapuestas.com\/co\/wp-json\/wp\/v2\/pages\/644\/revisions\/2222"}],"wp:attachment":[{"href":"https:\/\/mejoresapuestas.com\/co\/wp-json\/wp\/v2\/media?parent=644"}],"curies":[{"name":"wp","href":"https:\/\/api.w.org\/{rel}","templated":true}]}}