{"id":336,"date":"2021-09-23T14:26:10","date_gmt":"2021-09-23T14:26:10","guid":{"rendered":"https:\/\/mejoresapuestas.com\/pe\/?page_id=336"},"modified":"2021-09-23T14:39:24","modified_gmt":"2021-09-23T14:39:24","slug":"juego-responsable","status":"publish","type":"page","link":"https:\/\/mejoresapuestas.com\/pe\/juego-responsable\/","title":{"rendered":"Juego Responsable"},"content":{"rendered":"<p>MejoresApuestas.com, como portal de informaci\u00f3n de apuestas deportivas y juegos de azar, est\u00e1 comprometido con el juego responsable.<\/p>\n<p>Te informamos que:<\/p>\n<p>1) Hay que ser mayor de edad para participar en las casas de apuesta ( seg\u00fan la legislaci\u00f3n espa\u00f1ola la mayor\u00eda de edad son los 18 a\u00f1os ). Las casas de apuestas tienen la obligaci\u00f3n legal y moral de no aceptar menores de edad.<\/p>\n<p>Si tiene menores en casa, usa alg\u00fan programa que bloquee ciertas p\u00e1ginas, no permitas compartir archivos, y ten un informe detallado del uso que hacen los ni\u00f1os de Internet. Aqu\u00ed tienes una lista con algunos de estos programas: SafeKids o NetNanny. S\u00e9 un padre o una madre responsable.<\/p>\n<p>2) Los juegos de azar siempre tienen un elemento de riesgo y aconsejamos a\u00a0 nuestros visitantes de no participar en las actividades de juegos si son propensos psicol\u00f3gicamente\u00a0 a caer en una adicci\u00f3n al juego ( ludopat\u00eda ).<\/p>\n<p>Te ofrecemos una serie de sitios webs que pertenecen a entidades o asociaciones para ayuda, en caso que t\u00fa o alguien que conozcas muestre s\u00edntomas de adicci\u00f3n:<\/p>\n<p>www.fejar.org<br \/>\nwww.ludopatia.org<br \/>\nwww.jugadoresanonimos.org<\/p>\n","protected":false},"excerpt":{"rendered":"<p>MejoresApuestas.com, como portal de informaci\u00f3n de apuestas deportivas y juegos de azar, est\u00e1 comprometido con el juego responsable. Te informamos que: 1) Hay que ser mayor de edad para participar en las casas de apuesta ( seg\u00fan la legislaci\u00f3n espa\u00f1ola la mayor\u00eda de edad son los 18 a\u00f1os ). Las casas de apuestas tienen la &hellip; <\/p>\n","protected":false},"author":1,"featured_media":0,"parent":0,"menu_order":0,"comment_status":"closed","ping_status":"closed","template":"","meta":{"inline_featured_image":false},"acf":[],"yoast_head":"<!-- This site is optimized with the Yoast SEO plugin v19.12 - https:\/\/yoast.com\/wordpress\/plugins\/seo\/ -->\n<title>Juego Responsable - PE<\/title>\n<meta name=\"description\" content=\"MejoresApuestas.com, como portal de informaci\u00f3n de apuestas deportivas y juegos de azar, est\u00e1 comprometido con el juego responsable. Te informamos que: 1) Hay que ser mayor de edad para participar en las casas de apuesta ( seg\u00fan la legislaci\u00f3n espa\u00f1ola la mayor\u00eda de edad son los 18 a\u00f1os ). Las casas de apuestas tienen la &hellip;\" \/>\n<meta name=\"robots\" content=\"index, follow, max-snippet:-1, max-image-preview:large, max-video-preview:-1\" \/>\n<link rel=\"canonical\" href=\"https:\/\/mejoresapuestas.com\/pe\/juego-responsable\/\" \/>\n<meta property=\"og:locale\" content=\"es_ES\" \/>\n<meta property=\"og:type\" content=\"article\" \/>\n<meta property=\"og:title\" content=\"Juego Responsable - PE\" \/>\n<meta property=\"og:description\" content=\"MejoresApuestas.com, como portal de informaci\u00f3n de apuestas deportivas y juegos de azar, est\u00e1 comprometido con el juego responsable. Te informamos que: 1) Hay que ser mayor de edad para participar en las casas de apuesta ( seg\u00fan la legislaci\u00f3n espa\u00f1ola la mayor\u00eda de edad son los 18 a\u00f1os ). Las casas de apuestas tienen la &hellip;\" \/>\n<meta property=\"og:url\" content=\"https:\/\/mejoresapuestas.com\/pe\/juego-responsable\/\" \/>\n<meta property=\"og:site_name\" content=\"PE\" \/>\n<meta property=\"article:modified_time\" content=\"2021-09-23T14:39:24+00:00\" \/>\n<meta name=\"twitter:card\" content=\"summary_large_image\" \/>\n<meta name=\"twitter:label1\" content=\"Tiempo de lectura\" \/>\n\t<meta name=\"twitter:data1\" content=\"1 minuto\" \/>\n<script type=\"application\/ld+json\" class=\"yoast-schema-graph\">{\"@context\":\"https:\/\/schema.org\",\"@graph\":[{\"@type\":\"WebPage\",\"@id\":\"https:\/\/mejoresapuestas.com\/pe\/juego-responsable\/\",\"url\":\"https:\/\/mejoresapuestas.com\/pe\/juego-responsable\/\",\"name\":\"Juego Responsable - PE\",\"isPartOf\":{\"@id\":\"https:\/\/mejoresapuestas.com\/pe\/#website\"},\"datePublished\":\"2021-09-23T14:26:10+00:00\",\"dateModified\":\"2021-09-23T14:39:24+00:00\",\"breadcrumb\":{\"@id\":\"https:\/\/mejoresapuestas.com\/pe\/juego-responsable\/#breadcrumb\"},\"inLanguage\":\"es\",\"potentialAction\":[{\"@type\":\"ReadAction\",\"target\":[\"https:\/\/mejoresapuestas.com\/pe\/juego-responsable\/\"]}]},{\"@type\":\"BreadcrumbList\",\"@id\":\"https:\/\/mejoresapuestas.com\/pe\/juego-responsable\/#breadcrumb\",\"itemListElement\":[{\"@type\":\"ListItem\",\"position\":1,\"name\":\"Portada\",\"item\":\"https:\/\/mejoresapuestas.com\/pe\/\"},{\"@type\":\"ListItem\",\"position\":2,\"name\":\"Juego Responsable\"}]},{\"@type\":\"WebSite\",\"@id\":\"https:\/\/mejoresapuestas.com\/pe\/#website\",\"url\":\"https:\/\/mejoresapuestas.com\/pe\/\",\"name\":\"PE\",\"description\":\"Just another LasApuestas.com Sites site\",\"publisher\":{\"@id\":\"https:\/\/mejoresapuestas.com\/pe\/#organization\"},\"potentialAction\":[{\"@type\":\"SearchAction\",\"target\":{\"@type\":\"EntryPoint\",\"urlTemplate\":\"https:\/\/mejoresapuestas.com\/pe\/?s={search_term_string}\"},\"query-input\":\"required name=search_term_string\"}],\"inLanguage\":\"es\"},{\"@type\":\"Organization\",\"@id\":\"https:\/\/mejoresapuestas.com\/pe\/#organization\",\"name\":\"PE\",\"url\":\"https:\/\/mejoresapuestas.com\/pe\/\",\"logo\":{\"@type\":\"ImageObject\",\"inLanguage\":\"es\",\"@id\":\"https:\/\/mejoresapuestas.com\/pe\/#\/schema\/logo\/image\/\",\"url\":\"https:\/\/mejoresapuestas.com\/pe\/wp-content\/uploads\/sites\/9\/2022\/05\/mejoresApuestas-reverse-5.svg\",\"contentUrl\":\"https:\/\/mejoresapuestas.com\/pe\/wp-content\/uploads\/sites\/9\/2022\/05\/mejoresApuestas-reverse-5.svg\",\"width\":229,\"height\":28,\"caption\":\"PE\"},\"image\":{\"@id\":\"https:\/\/mejoresapuestas.com\/pe\/#\/schema\/logo\/image\/\"}}]}<\/script>\n<!-- \/ Yoast SEO plugin. -->","yoast_head_json":{"title":"Juego Responsable - PE","description":"MejoresApuestas.com, como portal de informaci\u00f3n de apuestas deportivas y juegos de azar, est\u00e1 comprometido con el juego responsable. Te informamos que: 1) Hay que ser mayor de edad para participar en las casas de apuesta ( seg\u00fan la legislaci\u00f3n espa\u00f1ola la mayor\u00eda de edad son los 18 a\u00f1os ). Las casas de apuestas tienen la &hellip;","robots":{"index":"index","follow":"follow","max-snippet":"max-snippet:-1","max-image-preview":"max-image-preview:large","max-video-preview":"max-video-preview:-1"},"canonical":"https:\/\/mejoresapuestas.com\/pe\/juego-responsable\/","og_locale":"es_ES","og_type":"article","og_title":"Juego Responsable - PE","og_description":"MejoresApuestas.com, como portal de informaci\u00f3n de apuestas deportivas y juegos de azar, est\u00e1 comprometido con el juego responsable. Te informamos que: 1) Hay que ser mayor de edad para participar en las casas de apuesta ( seg\u00fan la legislaci\u00f3n espa\u00f1ola la mayor\u00eda de edad son los 18 a\u00f1os ). Las casas de apuestas tienen la &hellip;","og_url":"https:\/\/mejoresapuestas.com\/pe\/juego-responsable\/","og_site_name":"PE","article_modified_time":"2021-09-23T14:39:24+00:00","twitter_card":"summary_large_image","twitter_misc":{"Tiempo de lectura":"1 minuto"},"schema":{"@context":"https:\/\/schema.org","@graph":[{"@type":"WebPage","@id":"https:\/\/mejoresapuestas.com\/pe\/juego-responsable\/","url":"https:\/\/mejoresapuestas.com\/pe\/juego-responsable\/","name":"Juego Responsable - PE","isPartOf":{"@id":"https:\/\/mejoresapuestas.com\/pe\/#website"},"datePublished":"2021-09-23T14:26:10+00:00","dateModified":"2021-09-23T14:39:24+00:00","breadcrumb":{"@id":"https:\/\/mejoresapuestas.com\/pe\/juego-responsable\/#breadcrumb"},"inLanguage":"es","potentialAction":[{"@type":"ReadAction","target":["https:\/\/mejoresapuestas.com\/pe\/juego-responsable\/"]}]},{"@type":"BreadcrumbList","@id":"https:\/\/mejoresapuestas.com\/pe\/juego-responsable\/#breadcrumb","itemListElement":[{"@type":"ListItem","position":1,"name":"Portada","item":"https:\/\/mejoresapuestas.com\/pe\/"},{"@type":"ListItem","position":2,"name":"Juego Responsable"}]},{"@type":"WebSite","@id":"https:\/\/mejoresapuestas.com\/pe\/#website","url":"https:\/\/mejoresapuestas.com\/pe\/","name":"PE","description":"Just another LasApuestas.com Sites site","publisher":{"@id":"https:\/\/mejoresapuestas.com\/pe\/#organization"},"potentialAction":[{"@type":"SearchAction","target":{"@type":"EntryPoint","urlTemplate":"https:\/\/mejoresapuestas.com\/pe\/?s={search_term_string}"},"query-input":"required name=search_term_string"}],"inLanguage":"es"},{"@type":"Organization","@id":"https:\/\/mejoresapuestas.com\/pe\/#organization","name":"PE","url":"https:\/\/mejoresapuestas.com\/pe\/","logo":{"@type":"ImageObject","inLanguage":"es","@id":"https:\/\/mejoresapuestas.com\/pe\/#\/schema\/logo\/image\/","url":"https:\/\/mejoresapuestas.com\/pe\/wp-content\/uploads\/sites\/9\/2022\/05\/mejoresApuestas-reverse-5.svg","contentUrl":"https:\/\/mejoresapuestas.com\/pe\/wp-content\/uploads\/sites\/9\/2022\/05\/mejoresApuestas-reverse-5.svg","width":229,"height":28,"caption":"PE"},"image":{"@id":"https:\/\/mejoresapuestas.com\/pe\/#\/schema\/logo\/image\/"}}]}},"_links":{"self":[{"href":"https:\/\/mejoresapuestas.com\/pe\/wp-json\/wp\/v2\/pages\/336"}],"collection":[{"href":"https:\/\/mejoresapuestas.com\/pe\/wp-json\/wp\/v2\/pages"}],"about":[{"href":"https:\/\/mejoresapuestas.com\/pe\/wp-json\/wp\/v2\/types\/page"}],"author":[{"embeddable":true,"href":"https:\/\/mejoresapuestas.com\/pe\/wp-json\/wp\/v2\/users\/1"}],"replies":[{"embeddable":true,"href":"https:\/\/mejoresapuestas.com\/pe\/wp-json\/wp\/v2\/comments?post=336"}],"version-history":[{"count":0,"href":"https:\/\/mejoresapuestas.com\/pe\/wp-json\/wp\/v2\/pages\/336\/revisions"}],"wp:attachment":[{"href":"https:\/\/mejoresapuestas.com\/pe\/wp-json\/wp\/v2\/media?parent=336"}],"curies":[{"name":"wp","href":"https:\/\/api.w.org\/{rel}","templated":true}]}}